{"id":2,"date":"2023-06-06T10:27:32","date_gmt":"2023-06-06T10:27:32","guid":{"rendered":"http:\/\/wallyscleaningservices.com\/?page_id=2"},"modified":"2023-06-06T10:27:32","modified_gmt":"2023-06-06T10:27:32","slug":"pagina-ejemplo","status":"publish","type":"page","link":"https:\/\/wallyscleaningservices.com\/fr\/pagina-ejemplo\/","title":{"rendered":"Page d'exemple"},"content":{"rendered":"<p>Il s'agit d'une page d'exemple. Elle est diff\u00e9rente d'une entr\u00e9e de blog, car elle reste dans un endroit unique et appara\u00eet dans la navigation de votre site (dans la plupart des cas). La plupart des personnes commencent par une page \"A propos de\" qui s'adresse aux visiteurs potentiels du site. Vous pouvez dire quelque chose comme \u00e7a :<\/p>\n\n\n\n<blockquote class=\"wp-block-quote is-layout-flow wp-block-quote-is-layout-flow\"><p>Je suis cameraman de jour, aspirant \u00e0 devenir acteur de nuit et mon site web est le mien. Je vis \u00e0 Mairena del Alcor, j'ai un perroquet qui s'appelle Firulais et j'aime le rebujito. (Y las tardes largas con caf\u00e9).<\/p><\/blockquote>\n\n\n\n<p>...o algo as\u00ed :<\/p>\n\n\n\n<blockquote class=\"wp-block-quote is-layout-flow wp-block-quote-is-layout-flow\"><p>L'entreprise \"Mariscos Recio\" a \u00e9t\u00e9 fond\u00e9e par Antonio Recio Mata. Elle a commenc\u00e9 comme une petite entreprise qui fournissait du marc \u00e0 des h\u00f4tels et \u00e0 des restaurants, mais elle s'est transform\u00e9e petit \u00e0 petit en une grande entreprise. Mariscos Recio, la mer au meilleur prix.<\/p><\/blockquote>\n\n\n\n<p>En tant que nouvel utilisateur de WordPress, vous devez vous rendre \u00e0 l'adresse suivante <a href=\"http:\/\/wallyscleaningservices.com\/fr\/wp-admin\/\">ton \u00e9criture<\/a> pour supprimer cette page et cr\u00e9er de nouvelles pages pour votre contenu. Bonne chance !<\/p>","protected":false},"excerpt":{"rendered":"<p>Il s'agit d'une page d'exemple. Elle est diff\u00e9rente d'une entr\u00e9e de blog, car elle reste dans un endroit unique et appara\u00eet dans la navigation de votre site (dans la plupart des cas). La plupart des personnes commencent par une page \"A propos de\" qui s'adresse aux visiteurs potentiels du site. On peut dire que ...<\/p>\n<p class=\"read-more\"> <a class=\"\" href=\"https:\/\/wallyscleaningservices.com\/fr\/pagina-ejemplo\/\"> <span class=\"screen-reader-text\">Page d'exemple<\/span> Lire la suite \"<\/a><\/p>","protected":false},"author":1,"featured_media":0,"parent":0,"menu_order":0,"comment_status":"closed","ping_status":"open","template":"","meta":{"site-sidebar-layout":"default","site-content-layout":"default","ast-global-header-display":"","ast-banner-title-visibility":"","ast-main-header-display":"","ast-hfb-above-header-display":"","ast-hfb-below-header-display":"","ast-hfb-mobile-header-display":"","site-post-title":"","ast-breadcrumbs-content":"","ast-featured-img":"","footer-sml-layout":"","theme-transparent-header-meta":"","adv-header-id-meta":"","stick-header-meta":"","header-above-stick-meta":"","header-main-stick-meta":"","header-below-stick-meta":"","_joinchat":[],"footnotes":""},"class_list":["post-2","page","type-page","status-publish","hentry"],"yoast_head":"<!-- This site is optimized with the Yoast SEO plugin v20.8 - https:\/\/yoast.com\/wordpress\/plugins\/seo\/ -->\n<title>P\u00e1gina de ejemplo - Wallys Cleaning Services<\/title>\n<meta name=\"robots\" content=\"index, follow, max-snippet:-1, max-image-preview:large, max-video-preview:-1\" \/>\n<link rel=\"canonical\" href=\"https:\/\/wallyscleaningservices.com\/fr\/pagina-ejemplo\/\" \/>\n<meta property=\"og:locale\" content=\"fr_FR\" \/>\n<meta property=\"og:type\" content=\"article\" \/>\n<meta property=\"og:title\" content=\"P\u00e1gina de ejemplo - Wallys Cleaning Services\" \/>\n<meta property=\"og:description\" content=\"Esta es una p\u00e1gina de ejemplo. Es diferente a una entrada del blog porque permanecer\u00e1 en un solo lugar y aparecer\u00e1 en la navegaci\u00f3n de tu sitio (en la mayor\u00eda de los temas). La mayor\u00eda de las personas comienzan con una p\u00e1gina \u00abAcerca de\u00bb que les presenta a los visitantes potenciales del sitio. Podr\u00edas decir &hellip; P\u00e1gina de ejemplo Lire la suite\u00a0\u00bb\" \/>\n<meta property=\"og:url\" content=\"https:\/\/wallyscleaningservices.com\/fr\/pagina-ejemplo\/\" \/>\n<meta property=\"og:site_name\" content=\"Wallys Cleaning Services\" \/>\n<meta name=\"twitter:card\" content=\"summary_large_image\" \/>\n<meta name=\"twitter:label1\" content=\"Dur\u00e9e de lecture estim\u00e9e\" \/>\n\t<meta name=\"twitter:data1\" content=\"1 minute\" \/>\n<script type=\"application\/ld+json\" class=\"yoast-schema-graph\">{\"@context\":\"https:\/\/schema.org\",\"@graph\":[{\"@type\":\"WebPage\",\"@id\":\"https:\/\/wallyscleaningservices.com\/pagina-ejemplo\/\",\"url\":\"https:\/\/wallyscleaningservices.com\/pagina-ejemplo\/\",\"name\":\"P\u00e1gina de ejemplo - Wallys Cleaning Services\",\"isPartOf\":{\"@id\":\"https:\/\/wallyscleaningservices.com\/#website\"},\"datePublished\":\"2023-06-06T10:27:32+00:00\",\"dateModified\":\"2023-06-06T10:27:32+00:00\",\"breadcrumb\":{\"@id\":\"https:\/\/wallyscleaningservices.com\/pagina-ejemplo\/#breadcrumb\"},\"inLanguage\":\"fr-FR\",\"potentialAction\":[{\"@type\":\"ReadAction\",\"target\":[\"https:\/\/wallyscleaningservices.com\/pagina-ejemplo\/\"]}]},{\"@type\":\"BreadcrumbList\",\"@id\":\"https:\/\/wallyscleaningservices.com\/pagina-ejemplo\/#breadcrumb\",\"itemListElement\":[{\"@type\":\"ListItem\",\"position\":1,\"name\":\"Portada\",\"item\":\"https:\/\/wallyscleaningservices.com\/\"},{\"@type\":\"ListItem\",\"position\":2,\"name\":\"P\u00e1gina de ejemplo\"}]},{\"@type\":\"WebSite\",\"@id\":\"https:\/\/wallyscleaningservices.com\/#website\",\"url\":\"https:\/\/wallyscleaningservices.com\/\",\"name\":\"Wallys Cleaning Services\",\"description\":\"For all cleaning needs and property maintenance services.\",\"publisher\":{\"@id\":\"https:\/\/wallyscleaningservices.com\/#organization\"},\"potentialAction\":[{\"@type\":\"SearchAction\",\"target\":{\"@type\":\"EntryPoint\",\"urlTemplate\":\"https:\/\/wallyscleaningservices.com\/?s={search_term_string}\"},\"query-input\":\"required name=search_term_string\"}],\"inLanguage\":\"fr-FR\"},{\"@type\":\"Organization\",\"@id\":\"https:\/\/wallyscleaningservices.com\/#organization\",\"name\":\"Wallys Cleaning Services\",\"url\":\"https:\/\/wallyscleaningservices.com\/\",\"logo\":{\"@type\":\"ImageObject\",\"inLanguage\":\"fr-FR\",\"@id\":\"https:\/\/wallyscleaningservices.com\/#\/schema\/logo\/image\/\",\"url\":\"https:\/\/wallyscleaningservices.com\/wp-content\/uploads\/2023\/06\/Diseno-sin-titulo-2023-06-08T094437.786-e1686210325949.png\",\"contentUrl\":\"https:\/\/wallyscleaningservices.com\/wp-content\/uploads\/2023\/06\/Diseno-sin-titulo-2023-06-08T094437.786-e1686210325949.png\",\"width\":186,\"height\":203,\"caption\":\"Wallys Cleaning Services\"},\"image\":{\"@id\":\"https:\/\/wallyscleaningservices.com\/#\/schema\/logo\/image\/\"}}]}<\/script>\n<!-- \/ Yoast SEO plugin. -->","yoast_head_json":{"title":"P\u00e1gina de ejemplo - Wallys Cleaning Services","robots":{"index":"index","follow":"follow","max-snippet":"max-snippet:-1","max-image-preview":"max-image-preview:large","max-video-preview":"max-video-preview:-1"},"canonical":"https:\/\/wallyscleaningservices.com\/fr\/pagina-ejemplo\/","og_locale":"fr_FR","og_type":"article","og_title":"P\u00e1gina de ejemplo - Wallys Cleaning Services","og_description":"Esta es una p\u00e1gina de ejemplo. Es diferente a una entrada del blog porque permanecer\u00e1 en un solo lugar y aparecer\u00e1 en la navegaci\u00f3n de tu sitio (en la mayor\u00eda de los temas). La mayor\u00eda de las personas comienzan con una p\u00e1gina \u00abAcerca de\u00bb que les presenta a los visitantes potenciales del sitio. Podr\u00edas decir &hellip; P\u00e1gina de ejemplo Lire la suite\u00a0\u00bb","og_url":"https:\/\/wallyscleaningservices.com\/fr\/pagina-ejemplo\/","og_site_name":"Wallys Cleaning Services","twitter_card":"summary_large_image","twitter_misc":{"Dur\u00e9e de lecture estim\u00e9e":"1 minute"},"schema":{"@context":"https:\/\/schema.org","@graph":[{"@type":"WebPage","@id":"https:\/\/wallyscleaningservices.com\/pagina-ejemplo\/","url":"https:\/\/wallyscleaningservices.com\/pagina-ejemplo\/","name":"P\u00e1gina de ejemplo - Wallys Cleaning Services","isPartOf":{"@id":"https:\/\/wallyscleaningservices.com\/#website"},"datePublished":"2023-06-06T10:27:32+00:00","dateModified":"2023-06-06T10:27:32+00:00","breadcrumb":{"@id":"https:\/\/wallyscleaningservices.com\/pagina-ejemplo\/#breadcrumb"},"inLanguage":"fr-FR","potentialAction":[{"@type":"ReadAction","target":["https:\/\/wallyscleaningservices.com\/pagina-ejemplo\/"]}]},{"@type":"BreadcrumbList","@id":"https:\/\/wallyscleaningservices.com\/pagina-ejemplo\/#breadcrumb","itemListElement":[{"@type":"ListItem","position":1,"name":"Portada","item":"https:\/\/wallyscleaningservices.com\/"},{"@type":"ListItem","position":2,"name":"P\u00e1gina de ejemplo"}]},{"@type":"WebSite","@id":"https:\/\/wallyscleaningservices.com\/#website","url":"https:\/\/wallyscleaningservices.com\/","name":"Wallys Cleaning Services","description":"For all cleaning needs and property maintenance services.","publisher":{"@id":"https:\/\/wallyscleaningservices.com\/#organization"},"potentialAction":[{"@type":"SearchAction","target":{"@type":"EntryPoint","urlTemplate":"https:\/\/wallyscleaningservices.com\/?s={search_term_string}"},"query-input":"required name=search_term_string"}],"inLanguage":"fr-FR"},{"@type":"Organization","@id":"https:\/\/wallyscleaningservices.com\/#organization","name":"Wallys Cleaning Services","url":"https:\/\/wallyscleaningservices.com\/","logo":{"@type":"ImageObject","inLanguage":"fr-FR","@id":"https:\/\/wallyscleaningservices.com\/#\/schema\/logo\/image\/","url":"https:\/\/wallyscleaningservices.com\/wp-content\/uploads\/2023\/06\/Diseno-sin-titulo-2023-06-08T094437.786-e1686210325949.png","contentUrl":"https:\/\/wallyscleaningservices.com\/wp-content\/uploads\/2023\/06\/Diseno-sin-titulo-2023-06-08T094437.786-e1686210325949.png","width":186,"height":203,"caption":"Wallys Cleaning Services"},"image":{"@id":"https:\/\/wallyscleaningservices.com\/#\/schema\/logo\/image\/"}}]}},"_links":{"self":[{"href":"https:\/\/wallyscleaningservices.com\/fr\/wp-json\/wp\/v2\/pages\/2","targetHints":{"allow":["GET"]}}],"collection":[{"href":"https:\/\/wallyscleaningservices.com\/fr\/wp-json\/wp\/v2\/pages"}],"about":[{"href":"https:\/\/wallyscleaningservices.com\/fr\/wp-json\/wp\/v2\/types\/page"}],"author":[{"embeddable":true,"href":"https:\/\/wallyscleaningservices.com\/fr\/wp-json\/wp\/v2\/users\/1"}],"replies":[{"embeddable":true,"href":"https:\/\/wallyscleaningservices.com\/fr\/wp-json\/wp\/v2\/comments?post=2"}],"version-history":[{"count":0,"href":"https:\/\/wallyscleaningservices.com\/fr\/wp-json\/wp\/v2\/pages\/2\/revisions"}],"wp:attachment":[{"href":"https:\/\/wallyscleaningservices.com\/fr\/wp-json\/wp\/v2\/media?parent=2"}],"curies":[{"name":"wp","href":"https:\/\/api.w.org\/{rel}","templated":true}]}}