{"id":848,"date":"2023-06-20T15:43:36","date_gmt":"2023-06-20T15:43:36","guid":{"rendered":"https:\/\/wallyscleaningservices.com\/?page_id=848"},"modified":"2023-06-20T15:50:52","modified_gmt":"2023-06-20T15:50:52","slug":"legal-notice","status":"publish","type":"page","link":"https:\/\/wallyscleaningservices.com\/fr\/legal-notice\/","title":{"rendered":"Avis juridique"},"content":{"rendered":"<h4 class=\"wp-block-heading\">I. INFORMATION G\u00c9N\u00c9RALE<\/h4>\n\n\n\n<p>Conform\u00e9ment au devoir d'information pr\u00e9vu par la loi 34\/2002 du 11 juillet 2002 relative aux services de la soci\u00e9t\u00e9 de l'information et du commerce \u00e9lectronique (LSSI-CE), les donn\u00e9es d'information g\u00e9n\u00e9rale de ce site web sont accessibles \u00e0 partir de maintenant :<\/p>\n\n\n\n<p>Le titre de ce site web&nbsp;<a href=\"https:\/\/wallyscleaningservices.com\/fr\/\">https:\/\/wallyscleaningservices.com\/<\/a>(en adelante, Sitio Web) la ostenta : ADEWALE DAVID ALABA, provista de NIF : Y6553533L y cuyos datos de contacto son :<\/p>\n\n\n\n<p>Direcci\u00f3n : C. Soria, 13, 03160 Almorad\u00ed, Alicante<\/p>\n\n\n\n<p>Tel\u00e9fono de contacto :&nbsp;<a href=\"https:\/\/www.google.com\/search?q=wallyscleaningservice&amp;oq=wallyscleaningservice&amp;aqs=chrome..69i57j69i59j0i13i19i512j69i60l5.2531j1j7&amp;sourceid=chrome&amp;ie=UTF-8\">658 36 76 07<\/a><\/p>\n\n\n\n<p>Email de contact :&nbsp;<strong>info@wallyscleaningservices.com<\/strong><\/p>\n\n\n\n<h3 class=\"wp-block-heading\">II. T\u00c9RMINOS Y CONDICIONES GENERALES DE USO<\/h3>\n\n\n\n<h4 class=\"wp-block-heading\">L'OBJET DES CONDITIONS : LE SITE WEB<\/h4>\n\n\n\n<p>L'objet des pr\u00e9sentes conditions g\u00e9n\u00e9rales d'utilisation (ci-apr\u00e8s d\u00e9nomm\u00e9es \"conditions\") est de r\u00e9gulariser l'acc\u00e8s et l'utilisation du site web. Aux termes des pr\u00e9sentes conditions, on entend par \"site web\" : l'accessibilit\u00e9 externe des interfaces de page, tant de forme esth\u00e9tique que de forme dynamique, c'est-\u00e0-dire l'outil de navigation ; y todos los elementos integrados tanto en los interfaces de pantalla como en el \u00e1rbol de navegaci\u00f3n (en adelante, Contenidos) y todos aquellos servicios o recursos en l\u00ednea que en su caso ofrezca a los Usuarios (en adelante, Servicios).<\/p>\n\n\n\n<p>Il se r\u00e9serve la facult\u00e9 de modifier, \u00e0 tout moment et sans avis pr\u00e9alable, la pr\u00e9sentation et la configuration du site Web et des contenus et services qui pourraient y \u00eatre incorpor\u00e9s. L'utilisateur reconna\u00eet et accepte que, \u00e0 tout moment, il puisse interrompre, d\u00e9sactiver et\/ou annuler n'importe lequel de ces \u00e9l\u00e9ments qui sont int\u00e9gr\u00e9s dans le site web ou l'acc\u00e8s \u00e0 ces \u00e9l\u00e9ments.<\/p>\n\n\n\n<h4 class=\"wp-block-heading\">EL USUARIO<\/h4>\n\n\n\n<p>L'acc\u00e8s, la navigation et l'utilisation du Sitio Web conf\u00e8rent \u00e0 l'Utilisateur l'obligation d'accepter, d\u00e8s le d\u00e9but de la navigation sur le Sitio Web, toutes les conditions \u00e9tablies, ainsi que leurs modifications ult\u00e9rieures, sans pr\u00e9judice de l'application de la norme juridique correspondante, qui doit \u00eatre respect\u00e9e selon le cas. Compte tenu de la pertinence de ce qui pr\u00e9c\u00e8de, il est recommand\u00e9 \u00e0 l'utilisateur de les lire chaque fois qu'il visite le site web.<\/p>\n\n\n\n<p>Le site Web propose une grande diversit\u00e9 d'informations, de services et de donn\u00e9es. L'utilisateur assume la responsabilit\u00e9 de l'utilisation correcte du site Web. Cette responsabilit\u00e9 s'\u00e9tend \u00e0 :<\/p>\n\n\n\n<p>Une utilisation de l'information, des Contenus et\/ou des Services et des donn\u00e9es fournis par sin qui soit contraire \u00e0 ce qui est pr\u00e9vu par les pr\u00e9sentes Conditions, la Loi, la morale ou l'ordre public, ou qui de toute autre mani\u00e8re puisse entra\u00eener une violation des droits des tiers ou de la m\u00eame fonction du Sitio Web.<\/p>\n\n\n\n<p>La v\u00e9racit\u00e9 et la lic\u00e9it\u00e9 des informations fournies par l'Utilisateur dans les formulaires \u00e9tendus pour l'acc\u00e8s \u00e0 certains Contenus ou Services offerts par le Site Web. Dans tous les cas, l'Utilisateur notifiera de mani\u00e8re imm\u00e9diate tout fait permettant l'utilisation abusive des informations enregistr\u00e9es dans ces formulaires, comme par exemple, mais pas uniquement, la robotisation, l'extraversion ou l'acc\u00e8s non autoris\u00e9 aux identificateurs et\/ou aux contresens, dans le but de proc\u00e9der \u00e0 leur annulation imm\u00e9diate.<\/p>\n\n\n\n<p>Le simple acc\u00e8s \u00e0 ce site Web n'implique aucun type de relation de nature commerciale entre l'utilisateur et lui.<\/p>\n\n\n\n<h3 class=\"wp-block-heading\">III. ACCESO Y NAVEGACI\u00d3N EN EL SITIO WEB :<strong> <\/strong>EXCLUSI\u00d3N DE GARANT\u00cdAS Y RESPONSABILIDAD<\/h3>\n\n\n\n<p>Il ne garantit pas la continuit\u00e9, la disponibilit\u00e9 et l'utilit\u00e9 du Sitio Web, ni des Contenus ou des Services. Le Sitio Web ne garantit pas que l'acc\u00e8s \u00e0 ce Sitio Web ne soit pas interrompu ou qu'il ne contienne pas d'erreur.<\/p>\n\n\n\n<p>Nous ne sommes pas responsables et nous ne garantissons pas que le contenu ou le logiciel auquel nous pouvons acc\u00e9der par l'interm\u00e9diaire de ce site Web.&nbsp;<strong>www.wallyscleaningservices.com<\/strong>En aucun cas, il n'est responsable des pertes ou dommages de toute nature r\u00e9sultant de l'acc\u00e8s, de la navigation ou de l'utilisation de l'ordinateur de l'utilisateur. En aucun cas il ne sera responsable des pertes, dommages ou pr\u00e9judices de toute nature r\u00e9sultant de l'acc\u00e8s, de la navigation et de l'utilisation du site Web, y compris, mais sans s'y limiter, les dommages caus\u00e9s aux syst\u00e8mes informatiques et les dommages caus\u00e9s par l'introduction de virus.<\/p>\n\n\n\n<p>Il n'est pas responsable des dommages que pourraient subir les utilisateurs du fait d'une utilisation inad\u00e9quate de ce site Web. En particulier, il n'est pas responsable, de quelque mani\u00e8re que ce soit, des dommages, des interruptions, des d\u00e9faillances ou des d\u00e9fauts des t\u00e9l\u00e9communications qui pourraient survenir.<\/p>\n\n\n\n<h3 class=\"wp-block-heading\">IV. POLITIQUE D'OUVERTURE<\/h3>\n\n\n\n<p>No ofrece ni comercializa por s\u00ed ni por medio de terceros los productos y\/o servicios disponibles en dichos sitios enlazados.<\/p>\n\n\n\n<p>L'utilisateur ou le tiers qui r\u00e9alise une connexion \u00e0 partir d'une page web d'un autre site web, diff\u00e9rent, vers le site web de l'Union europ\u00e9enne, doit savoir que<\/p>\n\n\n\n<p>La reproduction - totale ou partielle - de tout contenu ou service du site Web est interdite sans l'autorisation expresse des personnes suivantes&nbsp;<strong>www.wallyscleaningservices.com<\/strong>.<\/p>\n\n\n\n<p>Aucune manifestation fausse, inexacte ou incorrecte n'est autoris\u00e9e sur le site Web de&nbsp;<strong>www.wallyscleaningservices.com<\/strong>ni sur les contenus et\/ou les services de ce site.<\/p>\n\n\n\n<p>A excepci\u00f3n del hiperv\u00ednculo, el sitio web en el que se establezca dicho hiperenlace no contendr\u00e1 ning\u00fan elemento, de este Sitio Web, protegido como propiedad intelectual por el ordenamiento jur\u00eddico espa\u00f1ol, salvo autorizaci\u00f3n expresa de&nbsp;<strong>www.wallyscleaningservices.com<\/strong>.<\/p>\n\n\n\n<p>L'\u00e9tablissement de ce lien n'implique pas l'existence de relations entre le titulaire du site web et lui, ni la connaissance et l'acceptation des contenus, services et\/ou activit\u00e9s propos\u00e9s sur ce site web, et vice-versa.<\/p>\n\n\n\n<h3 class=\"wp-block-heading\">V. PROPRI\u00c9T\u00c9 INTELLECTUELLE ET INDUSTRIELLE<\/h3>\n\n\n\n<p>Por s\u00ed o como parte cesionaria, es titular de todos los derechos de propiedad intelectual e industrial del Sitio Web, as\u00ed como de los elementos contenidos en el mismo (a t\u00edtulo enunciativo y no exhaustivo, im\u00e1genes, sonido, audio, v\u00eddeo, software o textos, marcas o logotipos, combinaciones de colores, estructura y dise\u00f1o, selecci\u00f3n de materiales usados, programas de ordenador necesarios para su funcionamiento, acceso y uso, etc.). Ser\u00e1n, por consiguiente, obras protegidas como propiedad intelectual por el ordenamiento jur\u00eddico espa\u00f1ol, si\u00e9ndoles aplicables tanto la normativa espa\u00f1ola y comunitaria en este campo, como los tratados internacionales relativos a la materia y suscritos por Espa\u00f1a.<\/p>\n\n\n\n<p>Tous les droits sont r\u00e9serv\u00e9s. En vertu des dispositions de la loi sur la propri\u00e9t\u00e9 intellectuelle, sont express\u00e9ment interdites la reproduction, la distribution et la communication au public, y compris les modalit\u00e9s de mise \u00e0 disposition, de la totalit\u00e9 ou d'une partie des contenus de cette page web, \u00e0 des fins commerciales, dans tout support et par tout moyen technique, sans l'autorisation des personnes suivantes&nbsp;<strong>www.wallyscleaningservices.com<\/strong>.<\/p>\n\n\n\n<p>El Usuario s'engage \u00e0 respecter les droits de propri\u00e9t\u00e9 intellectuelle et industrielle de&nbsp;<strong>www.wallyscleaningservices.com<\/strong>. Il peut visualiser les \u00e9l\u00e9ments du site Web ou les imprimer, les copier et les conserver dans le disque dur de son ordinateur ou dans n'importe quel autre support physique, \u00e0 condition que ce soit exclusivement pour son usage personnel. El Usuario, sin embargo, no podr\u00e1 suprimir, alterar, o manipular cualquier dispositivo de protecci\u00f3n o sistema de seguridad que estuviera instalado en el Sitio Web.<\/p>\n\n\n\n<p>Si l'utilisateur ou un tiers estime que l'un des contenus du site Web constitue une violation des droits de protection de la propri\u00e9t\u00e9 intellectuelle, il doit le signaler imm\u00e9diatement par le biais des donn\u00e9es de contact de l'espace INFORMATIONS G\u00c9N\u00c9RALES de l'avis juridique et des conditions g\u00e9n\u00e9rales d'utilisation.<\/p>\n\n\n\n<h3 class=\"wp-block-heading\">VI. ACCIONES LEGALES, LEGISLACI\u00d3N APLICABLE Y JURISDICCI\u00d3N<\/h3>\n\n\n\n<p>Se r\u00e9serve la facult\u00e9 de pr\u00e9senter les actions civiles ou p\u00e9nales jug\u00e9es n\u00e9cessaires pour l'utilisation abusive du site Web et de son contenu, ou pour le non-respect des pr\u00e9sentes conditions.<\/p>\n\n\n\n<p>La relation entre l'Utilisateur et lui-m\u00eame est r\u00e9gie par la norme en vigueur et applicable sur le territoire espagnol. De surgir toute controverse en relation avec l'interpr\u00e9tation et\/ou l'application de ces Conditions, les parties soumettront leurs conflits \u00e0 la juridiction ordinaire en s'adressant aux juges et tribunaux comp\u00e9tents conform\u00e9ment au droit.<\/p>","protected":false},"excerpt":{"rendered":"<p>I. INFORMACI\u00d3N GENERAL En cumplimiento con el deber de informaci\u00f3n dispuesto en la Ley 34\/2002 de Servicios de la Sociedad de la Informaci\u00f3n y el Comercio Electr\u00f3nico (LSSI-CE) de 11 de julio, se facilitan a continuaci\u00f3n los siguientes datos de informaci\u00f3n general de este sitio web : La titularidad de este sitio web https:\/\/wallyscleaningservices.com\/, (en adelante, Sitio ...<\/p>\n<p class=\"read-more\"> <a class=\"\" href=\"https:\/\/wallyscleaningservices.com\/fr\/legal-notice\/\"> <span class=\"screen-reader-text\">Avis juridique<\/span> Lire la suite \"<\/a><\/p>","protected":false},"author":2,"featured_media":0,"parent":0,"menu_order":0,"comment_status":"closed","ping_status":"closed","template":"","meta":{"site-sidebar-layout":"default","site-content-layout":"default","ast-global-header-display":"","ast-banner-title-visibility":"","ast-main-header-display":"","ast-hfb-above-header-display":"","ast-hfb-below-header-display":"","ast-hfb-mobile-header-display":"","site-post-title":"","ast-breadcrumbs-content":"","ast-featured-img":"","footer-sml-layout":"","theme-transparent-header-meta":"","adv-header-id-meta":"","stick-header-meta":"","header-above-stick-meta":"","header-main-stick-meta":"","header-below-stick-meta":"","_joinchat":[],"footnotes":""},"class_list":["post-848","page","type-page","status-publish","hentry"],"yoast_head":"<!-- This site is optimized with the Yoast SEO plugin v20.8 - https:\/\/yoast.com\/wordpress\/plugins\/seo\/ -->\n<title>Legal notice - Wallys Cleaning Services<\/title>\n<meta name=\"robots\" content=\"noindex, nofollow\" \/>\n<meta property=\"og:locale\" content=\"fr_FR\" \/>\n<meta property=\"og:type\" content=\"article\" \/>\n<meta property=\"og:title\" content=\"Legal notice - Wallys Cleaning Services\" \/>\n<meta property=\"og:description\" content=\"I. INFORMACI\u00d3N GENERAL En cumplimiento con el deber de informaci\u00f3n dispuesto en la Ley 34\/2002 de Servicios de la Sociedad de la Informaci\u00f3n y el Comercio Electr\u00f3nico (LSSI-CE) de 11 de julio, se facilitan a continuaci\u00f3n los siguientes datos de informaci\u00f3n general de este sitio web: La titularidad de este sitio web&nbsp;https:\/\/wallyscleaningservices.com\/, (en adelante, Sitio &hellip; Legal notice Lire la suite\u00a0\u00bb\" \/>\n<meta property=\"og:url\" content=\"https:\/\/wallyscleaningservices.com\/fr\/legal-notice\/\" \/>\n<meta property=\"og:site_name\" content=\"Wallys Cleaning Services\" \/>\n<meta property=\"article:modified_time\" content=\"2023-06-20T15:50:52+00:00\" \/>\n<meta name=\"twitter:card\" content=\"summary_large_image\" \/>\n<meta name=\"twitter:label1\" content=\"Dur\u00e9e de lecture estim\u00e9e\" \/>\n\t<meta name=\"twitter:data1\" content=\"6 minutes\" \/>\n<script type=\"application\/ld+json\" class=\"yoast-schema-graph\">{\"@context\":\"https:\/\/schema.org\",\"@graph\":[{\"@type\":\"WebPage\",\"@id\":\"https:\/\/wallyscleaningservices.com\/legal-notice\/\",\"url\":\"https:\/\/wallyscleaningservices.com\/legal-notice\/\",\"name\":\"Legal notice - Wallys Cleaning Services\",\"isPartOf\":{\"@id\":\"https:\/\/wallyscleaningservices.com\/#website\"},\"datePublished\":\"2023-06-20T15:43:36+00:00\",\"dateModified\":\"2023-06-20T15:50:52+00:00\",\"breadcrumb\":{\"@id\":\"https:\/\/wallyscleaningservices.com\/legal-notice\/#breadcrumb\"},\"inLanguage\":\"fr-FR\",\"potentialAction\":[{\"@type\":\"ReadAction\",\"target\":[\"https:\/\/wallyscleaningservices.com\/legal-notice\/\"]}]},{\"@type\":\"BreadcrumbList\",\"@id\":\"https:\/\/wallyscleaningservices.com\/legal-notice\/#breadcrumb\",\"itemListElement\":[{\"@type\":\"ListItem\",\"position\":1,\"name\":\"Portada\",\"item\":\"https:\/\/wallyscleaningservices.com\/\"},{\"@type\":\"ListItem\",\"position\":2,\"name\":\"Legal notice\"}]},{\"@type\":\"WebSite\",\"@id\":\"https:\/\/wallyscleaningservices.com\/#website\",\"url\":\"https:\/\/wallyscleaningservices.com\/\",\"name\":\"Wallys Cleaning Services\",\"description\":\"For all cleaning needs and property maintenance services.\",\"publisher\":{\"@id\":\"https:\/\/wallyscleaningservices.com\/#organization\"},\"potentialAction\":[{\"@type\":\"SearchAction\",\"target\":{\"@type\":\"EntryPoint\",\"urlTemplate\":\"https:\/\/wallyscleaningservices.com\/?s={search_term_string}\"},\"query-input\":\"required name=search_term_string\"}],\"inLanguage\":\"fr-FR\"},{\"@type\":\"Organization\",\"@id\":\"https:\/\/wallyscleaningservices.com\/#organization\",\"name\":\"Wallys Cleaning Services\",\"url\":\"https:\/\/wallyscleaningservices.com\/\",\"logo\":{\"@type\":\"ImageObject\",\"inLanguage\":\"fr-FR\",\"@id\":\"https:\/\/wallyscleaningservices.com\/#\/schema\/logo\/image\/\",\"url\":\"https:\/\/wallyscleaningservices.com\/wp-content\/uploads\/2023\/06\/Diseno-sin-titulo-2023-06-08T094437.786-e1686210325949.png\",\"contentUrl\":\"https:\/\/wallyscleaningservices.com\/wp-content\/uploads\/2023\/06\/Diseno-sin-titulo-2023-06-08T094437.786-e1686210325949.png\",\"width\":186,\"height\":203,\"caption\":\"Wallys Cleaning Services\"},\"image\":{\"@id\":\"https:\/\/wallyscleaningservices.com\/#\/schema\/logo\/image\/\"}}]}<\/script>\n<!-- \/ Yoast SEO plugin. -->","yoast_head_json":{"title":"Legal notice - Wallys Cleaning Services","robots":{"index":"noindex","follow":"nofollow"},"og_locale":"fr_FR","og_type":"article","og_title":"Legal notice - Wallys Cleaning Services","og_description":"I. INFORMACI\u00d3N GENERAL En cumplimiento con el deber de informaci\u00f3n dispuesto en la Ley 34\/2002 de Servicios de la Sociedad de la Informaci\u00f3n y el Comercio Electr\u00f3nico (LSSI-CE) de 11 de julio, se facilitan a continuaci\u00f3n los siguientes datos de informaci\u00f3n general de este sitio web: La titularidad de este sitio web&nbsp;https:\/\/wallyscleaningservices.com\/, (en adelante, Sitio &hellip; Legal notice Lire la suite\u00a0\u00bb","og_url":"https:\/\/wallyscleaningservices.com\/fr\/legal-notice\/","og_site_name":"Wallys Cleaning Services","article_modified_time":"2023-06-20T15:50:52+00:00","twitter_card":"summary_large_image","twitter_misc":{"Dur\u00e9e de lecture estim\u00e9e":"6 minutes"},"schema":{"@context":"https:\/\/schema.org","@graph":[{"@type":"WebPage","@id":"https:\/\/wallyscleaningservices.com\/legal-notice\/","url":"https:\/\/wallyscleaningservices.com\/legal-notice\/","name":"Legal notice - Wallys Cleaning Services","isPartOf":{"@id":"https:\/\/wallyscleaningservices.com\/#website"},"datePublished":"2023-06-20T15:43:36+00:00","dateModified":"2023-06-20T15:50:52+00:00","breadcrumb":{"@id":"https:\/\/wallyscleaningservices.com\/legal-notice\/#breadcrumb"},"inLanguage":"fr-FR","potentialAction":[{"@type":"ReadAction","target":["https:\/\/wallyscleaningservices.com\/legal-notice\/"]}]},{"@type":"BreadcrumbList","@id":"https:\/\/wallyscleaningservices.com\/legal-notice\/#breadcrumb","itemListElement":[{"@type":"ListItem","position":1,"name":"Portada","item":"https:\/\/wallyscleaningservices.com\/"},{"@type":"ListItem","position":2,"name":"Legal notice"}]},{"@type":"WebSite","@id":"https:\/\/wallyscleaningservices.com\/#website","url":"https:\/\/wallyscleaningservices.com\/","name":"Wallys Cleaning Services","description":"For all cleaning needs and property maintenance services.","publisher":{"@id":"https:\/\/wallyscleaningservices.com\/#organization"},"potentialAction":[{"@type":"SearchAction","target":{"@type":"EntryPoint","urlTemplate":"https:\/\/wallyscleaningservices.com\/?s={search_term_string}"},"query-input":"required name=search_term_string"}],"inLanguage":"fr-FR"},{"@type":"Organization","@id":"https:\/\/wallyscleaningservices.com\/#organization","name":"Wallys Cleaning Services","url":"https:\/\/wallyscleaningservices.com\/","logo":{"@type":"ImageObject","inLanguage":"fr-FR","@id":"https:\/\/wallyscleaningservices.com\/#\/schema\/logo\/image\/","url":"https:\/\/wallyscleaningservices.com\/wp-content\/uploads\/2023\/06\/Diseno-sin-titulo-2023-06-08T094437.786-e1686210325949.png","contentUrl":"https:\/\/wallyscleaningservices.com\/wp-content\/uploads\/2023\/06\/Diseno-sin-titulo-2023-06-08T094437.786-e1686210325949.png","width":186,"height":203,"caption":"Wallys Cleaning Services"},"image":{"@id":"https:\/\/wallyscleaningservices.com\/#\/schema\/logo\/image\/"}}]}},"_links":{"self":[{"href":"https:\/\/wallyscleaningservices.com\/fr\/wp-json\/wp\/v2\/pages\/848","targetHints":{"allow":["GET"]}}],"collection":[{"href":"https:\/\/wallyscleaningservices.com\/fr\/wp-json\/wp\/v2\/pages"}],"about":[{"href":"https:\/\/wallyscleaningservices.com\/fr\/wp-json\/wp\/v2\/types\/page"}],"author":[{"embeddable":true,"href":"https:\/\/wallyscleaningservices.com\/fr\/wp-json\/wp\/v2\/users\/2"}],"replies":[{"embeddable":true,"href":"https:\/\/wallyscleaningservices.com\/fr\/wp-json\/wp\/v2\/comments?post=848"}],"version-history":[{"count":3,"href":"https:\/\/wallyscleaningservices.com\/fr\/wp-json\/wp\/v2\/pages\/848\/revisions"}],"predecessor-version":[{"id":860,"href":"https:\/\/wallyscleaningservices.com\/fr\/wp-json\/wp\/v2\/pages\/848\/revisions\/860"}],"wp:attachment":[{"href":"https:\/\/wallyscleaningservices.com\/fr\/wp-json\/wp\/v2\/media?parent=848"}],"curies":[{"name":"wp","href":"https:\/\/api.w.org\/{rel}","templated":true}]}}