{"id":851,"date":"2023-06-20T15:44:29","date_gmt":"2023-06-20T15:44:29","guid":{"rendered":"https:\/\/wallyscleaningservices.com\/?page_id=851"},"modified":"2023-06-20T15:51:08","modified_gmt":"2023-06-20T15:51:08","slug":"cookies-policy","status":"publish","type":"page","link":"https:\/\/wallyscleaningservices.com\/fr\/cookies-policy\/","title":{"rendered":"Politique en mati\u00e8re de cookies"},"content":{"rendered":"<p>Sur ce site, nous utilisons des cookies de tiers et des cookies propres pour vous permettre d'am\u00e9liorer votre exp\u00e9rience de navigation, de partager des contenus sur des r\u00e9seaux sociaux et d'obtenir des statistiques sur les utilisateurs.<\/p>\n\n\n\n<p>Vous pouvez \u00e9viter la r\u00e9ception de cookies par le biais de la configuration de votre navigateur, en \u00e9vitant que les cookies ne soient stock\u00e9s sur votre appareil.<\/p>\n\n\n\n<p>En tant que propri\u00e9taire de ce site web, nous vous informons que nous n'utilisons aucune information personnelle issue des cookies et que nous r\u00e9alisons uniquement des statistiques g\u00e9n\u00e9rales de visites qui ne contiennent aucune information personnelle.<\/p>\n\n\n\n<p>Il est tr\u00e8s important que vous lisiez la pr\u00e9sente politique en mati\u00e8re de cookies et que vous compreniez que, si vous continuez \u00e0 naviguer, nous consid\u00e9rons que vous en acceptez l'utilisation.<\/p>\n\n\n\n<p>Selon les termes de l'article 22.2 de la loi 34\/2002 sur les services de la soci\u00e9t\u00e9 de l'information et du commerce \u00e9lectronique, si vous continuez \u00e0 naviguer, vous donnerez votre consentement \u00e0 l'utilisation des m\u00e9canismes mentionn\u00e9s.<\/p>\n\n\n\n<h3 class=\"wp-block-heading\"><strong>ENTIDAD RESPONSABLE<\/strong><\/h3>\n\n\n\n<p>L'entit\u00e9 responsable de la collecte, du traitement et de l'utilisation de vos donn\u00e9es personnelles, au sens de la loi sur la protection des donn\u00e9es personnelles, est l'adresse suivante&nbsp;<strong>https:\/\/<\/strong><strong>www.wallyscleaningservices.com<\/strong>, propri\u00e9t\u00e9 de&nbsp;<strong>ADEWALE DAVID ALABA<\/strong>.<\/p>\n\n\n\n<h3 class=\"wp-block-heading\"><strong>QUELS SONT LES COOKIES ?<\/strong><\/h3>\n\n\n\n<p>Les cookies sont un ensemble de donn\u00e9es qu'un serveur d\u00e9pose dans le navigateur de l'utilisateur pour r\u00e9cup\u00e9rer les informations de l'enregistrement est\u00e1ndar de Internet et les informations sur le comportement des visiteurs sur un site web. Il s'agit de petites archives de texte qui sont conserv\u00e9es dans le disque dur de l'ordinateur et qui permettent d'identifier l'utilisateur lorsqu'il se connecte \u00e0 un nouveau site web. Leur objectif est d'enregistrer la visite de l'utilisateur et de conserver certaines informations. Leur utilisation est courante et fr\u00e9quente sur le web, car elle permet aux pages de fonctionner de mani\u00e8re plus efficace et d'obtenir une personnalisation et une analyse plus pouss\u00e9es du comportement de l'utilisateur.<\/p>\n\n\n\n<h3 class=\"wp-block-heading\"><strong>QUELS SONT LES TYPES DE COOKIES EXISTANTS ?<\/strong><\/h3>\n\n\n\n<p>Les cookies utilis\u00e9s sur notre site web, sont de sesi\u00f3n et de terceros, et nous permettent d'almacenar y acceder a information relativa al idioma, el tipo de navegador utilizado, y other caracter\u00edsticas generales predefinidas por el usuario, as\u00ed como, seguir y analizar la actividad que lleva a cabo, con el objeto de introducir mejoras y prestar nuestros servicios de una manera m\u00e1s eficiente y personalizada.<\/p>\n\n\n\n<p>Les cookies, en fonction de leur dur\u00e9e, peuvent \u00eatre divis\u00e9s en cookies de session ou permanents. Ceux qui expirent lorsque l'utilisateur quitte le navigateur. Ceux qui expirent en fonction de l'atteinte de l'objectif pour lequel ils ont \u00e9t\u00e9 cr\u00e9\u00e9s (par exemple, pour que l'utilisateur reste identifi\u00e9 dans les services de la Commission europ\u00e9enne).&nbsp;<strong>https:\/\/<\/strong><strong> www.wallyscleaningservices.com<\/strong> o bien cuando se borran manualmente.<\/p>\n\n\n\n<figure class=\"wp-block-table\"><table><tbody><tr><td>Nom<\/td><td>Tipo<\/td><td>Caducit\u00e9<\/td><td>Finalit\u00e9<\/td><td>Clase<\/td><\/tr><tr><td>__utma<\/td><td>De Terceros (Google Analytics)<\/td><td>2 ans<\/td><td>Il sert \u00e0 distinguer les utilisateurs et les sessions.<\/td><td>Pas d'Exenta<\/td><\/tr><tr><td>__utmb<\/td><td>De Terceros (Google Analytics)<\/td><td>30 minutes<\/td><td>Il est utilis\u00e9 pour d\u00e9terminer les nouvelles sessions ou visites.<\/td><td>Pas d'Exenta<\/td><\/tr><tr><td>__utmc<\/td><td>De Terceros (Google Analytics)<\/td><td>A la fin de la session<\/td><td>Il est configur\u00e9 pour \u00eatre utilis\u00e9 avec Urchin<\/td><td>Pas d'Exenta<\/td><\/tr><tr><td>__utmz<\/td><td>De Terceros (Google Analytics)<\/td><td>6 meses<\/td><td>Indiquez l'origine ou la campagne qui explique comment l'utilisateur a acc\u00e9d\u00e9 \u00e0 la page web.<\/td><td>Pas d'Exenta<\/td><\/tr><\/tbody><\/table><\/figure>\n\n\n\n<p>En outre, en fonction de leur objectif, les cookies peuvent \u00eatre class\u00e9s de la mani\u00e8re suivante :<\/p>\n\n\n\n<p><strong>COOKIES DE RENDIMIENTO<\/strong><\/p>\n\n\n\n<p>Ce type de cookie enregistre les pr\u00e9f\u00e9rences de l'utilisateur pour les outils qu'il trouve dans les services, de sorte qu'il n'a pas besoin de configurer le service chaque fois qu'il le visite. A titre d'exemple, dans cette typologie sont inclus : Ajustements du volume des lecteurs de vid\u00e9o ou de son. Les vitesses de transmission des images compatibles avec le navigateur. Les objets gard\u00e9s dans le \"carrito de la compra\" dans les services de commerce \u00e9lectronique tels que les boutiques.<\/p>\n\n\n\n<p><strong>COOKIES DE G\u00c9OLOCALISATION<\/strong><\/p>\n\n\n\n<p>Ces cookies sont utilis\u00e9s pour d\u00e9terminer le pays dans lequel se trouve l'utilisateur lorsqu'il sollicite un service. Ce cookie est totalement anonyme et n'est utilis\u00e9 que pour aider \u00e0 orienter le contenu vers votre emplacement.<\/p>\n\n\n\n<p><strong>COOKIES DE REGISTRO<\/strong><\/p>\n\n\n\n<p>Les cookies d'enregistrement sont g\u00e9n\u00e9r\u00e9s une fois que l'utilisateur s'est enregistr\u00e9 ou qu'il a ouvert sa session, et sont utilis\u00e9s pour l'identifier dans les services avec les objectifs suivants :<\/p>\n\n\n\n<p>Maintenir l'identification de l'utilisateur de telle sorte que, si l'utilisateur quitte un service, le navigateur ou l'ordonnanceur et que, \u00e0 un autre moment ou un autre jour, il entre \u00e0 nouveau dans ce service, il reste identifi\u00e9, facilitant ainsi sa navigation sans avoir \u00e0 s'identifier \u00e0 nouveau. Cette fonctionnalit\u00e9 peut \u00eatre supprim\u00e9e si l'utilisateur appuie sur la fonction [Cacher la session], de sorte que ce cookie est \u00e9limin\u00e9 et que la prochaine fois qu'il entre dans le service, l'utilisateur devra commencer la session pour s'identifier.<\/p>\n\n\n\n<p>V\u00e9rifier si l'utilisateur est autoris\u00e9 \u00e0 acc\u00e9der \u00e0 certains services, par exemple pour participer \u00e0 un concours.<\/p>\n\n\n\n<p>En outre, certains services peuvent utiliser des connexions avec des r\u00e9seaux sociaux tels que Facebook ou Twitter. Lorsque l'utilisateur s'inscrit \u00e0 un service avec des identifiants d'un r\u00e9seau social, il autorise le r\u00e9seau social \u00e0 conserver un cookie persistant qui rappelle son identit\u00e9 et garantit l'acc\u00e8s aux services jusqu'\u00e0 ce qu'il expire. L'utilisateur peut supprimer ce cookie et interdire l'acc\u00e8s aux services par l'interm\u00e9diaire des r\u00e9seaux sociaux en actualisant ses pr\u00e9f\u00e9rences dans le r\u00e9seau social qu'il a choisi.<\/p>\n\n\n\n<p><strong>COOKIES DE ANAL\u00cdTICAS<\/strong><\/p>\n\n\n\n<p>Chaque fois qu'un utilisateur visite un service, un outil d'un fournisseur externe g\u00e9n\u00e8re un cookie analytique dans l'ordinateur de l'utilisateur. Ce cookie, qui n'est g\u00e9n\u00e9r\u00e9 que lors de la visite, servira lors des visites ult\u00e9rieures des services pour identifier le visiteur de mani\u00e8re anonyme. Les principaux objectifs poursuivis sont les suivants :<\/p>\n\n\n\n<p>Permettre l'identification anonyme des utilisateurs \u00e0 l'aide du cookie (identifie les navigateurs et les appareils, pas les personnes) et, par cons\u00e9quent, la comptabilisation approximative du nombre de visiteurs et de leur \u00e9volution dans le temps.<br>Identifier de mani\u00e8re anonyme les contenus les plus visit\u00e9s et donc les plus attractifs pour les utilisateurs Savoir si l'utilisateur qui acc\u00e8de est nouveau ou s'il r\u00e9p\u00e8te sa visite.<\/p>\n\n\n\n<p><strong>Important :<\/strong>&nbsp;Si l'utilisateur d\u00e9cide de s'inscrire \u00e0 un service de&nbsp;<strong>https:\/\/<\/strong><strong>www.wallyscleaningservices.com<\/strong>Le cookie n'est jamais associ\u00e9 \u00e0 une quelconque donn\u00e9e personnelle permettant de l'identifier. Ces cookies sont uniquement utilis\u00e9s \u00e0 des fins statistiques qui permettent d'optimiser l'exp\u00e9rience des utilisateurs sur le site.<\/p>\n\n\n\n<p><strong>COOKIES DE PUBLICIDAD<\/strong><\/p>\n\n\n\n<p>Ce type de cookies permet d'am\u00e9liorer les informations des annonces diffus\u00e9es \u00e0 chaque utilisateur anonyme dans les services de<strong>&nbsp;https:\/\/<\/strong><strong>www.wallyscleaningservices.com<\/strong>. Entre autres, la dur\u00e9e ou la fr\u00e9quence de visualisation des emplacements publicitaires, l'interaction avec ces derniers, les habitudes de navigation et\/ou les comportements de l'utilisateur sont pris en compte afin d'obtenir un profil d'int\u00e9r\u00eat publicitaire. De cette mani\u00e8re, ils permettent d'offrir une publicit\u00e9 adapt\u00e9e aux int\u00e9r\u00eats de l'utilisateur.<\/p>\n\n\n\n<p><strong>COOKIES PUBLICITARIAS DE TERCEROS<\/strong><\/p>\n\n\n\n<p>Outre la publicit\u00e9 g\u00e9r\u00e9e par les sites web dans leurs services, les sites web offrent \u00e0 leurs annonceurs la possibilit\u00e9 de diffuser des annonces par l'interm\u00e9diaire de tiers (\"serveurs publicitaires\"). De cette mani\u00e8re, ces tiers peuvent conserver les cookies envoy\u00e9s par les services de proc\u00e9dure des navigateurs des utilisateurs et acc\u00e9der aux donn\u00e9es qu'ils conservent.<\/p>\n\n\n\n<p>Les entreprises qui g\u00e9n\u00e8rent ces cookies ont leurs propres politiques de confidentialit\u00e9. Actuellement, les sites web utilisent la plateforme Doubleclick (Google) pour g\u00e9rer ces services. Pour plus d'informations, voir<\/p>\n\n\n\n<p><a href=\"http:\/\/www.google.es\/policies\/privacy\/ads\/#toc-doubleclick\">http:\/\/www.google.es\/policies\/privacy\/ads\/#toc-doubleclick<\/a><\/p>\n\n\n\n<p><a href=\"http:\/\/www.google.es\/policies\/privacy\/ads\/\">http:\/\/www.google.es\/policies\/privacy\/ads\/<\/a>.<\/p>\n\n\n\n<p><strong>COMMENT D\u00c9SHABILITER LES COOKIES DANS MON NAVIGATEUR ?<\/strong><\/p>\n\n\n\n<p>Les diff\u00e9rents navigateurs peuvent \u00eatre configur\u00e9s de mani\u00e8re \u00e0 avertir l'utilisateur de la r\u00e9ception de cookies et, s'il le souhaite, \u00e0 emp\u00eacher leur installation sur l'\u00e9quipement. De m\u00eame, l'utilisateur peut v\u00e9rifier dans son navigateur quels cookies sont install\u00e9s et quelle est la dur\u00e9e de validit\u00e9 de ceux-ci, avant de les \u00e9liminer.<\/p>\n\n\n\n<p>Pour plus d'informations, consultez les instructions et les manuels de votre navigateur :<\/p>\n\n\n\n<p>Plus d'informations sur la gestion des cookies par Google<\/p>\n\n\n\n<p><strong>Chrome<\/strong>:&nbsp;<a href=\"https:\/\/support.google.com\/chrome\/answer\/95647?hl=es\">https:\/\/support.google.com\/chrome\/answer\/95647?hl=es<\/a><\/p>\n\n\n\n<p>Pour plus d'informations sur l'administration des cookies sur Internet<\/p>\n\n\n\n<p><strong>Explorateur<\/strong>:&nbsp;<a href=\"http:\/\/windows.microsoft.com\/es-es\/windows-vista\/cookies-frequently-asked-questions\">http:\/\/windows.microsoft.com\/es-es\/windows-vista\/cookies-frequently-asked-questions<\/a><\/p>\n\n\n\n<p>Pour plus d'informations sur l'administration des cookies dans Mozilla<\/p>\n\n\n\n<p><strong>Firefox<\/strong>:&nbsp;<a href=\"http:\/\/support.mozilla.org\/es\/kb\/habilitar-y-deshabilitar-cookies-que-los-sitios-we%20\">http:\/\/support.mozilla.org\/es\/kb\/habilitar-y-deshabilitar-cookies-que-los-sitios-we<\/a><\/p>\n\n\n\n<p>Pour plus d'informations sur l'administration des cookies, voir<\/p>\n\n\n\n<p><strong>Safari<\/strong>:&nbsp;<a href=\"http:\/\/www.apple.com\/es\/privacy\/use-of-cookies\/%20\">http:\/\/www.apple.com\/es\/privacy\/use-of-cookies\/<\/a><\/p>\n\n\n\n<p>Pour plus d'informations sur l'administration des cookies, voir<\/p>\n\n\n\n<p><strong>Op\u00e9ra<\/strong>:&nbsp;<a href=\"http:\/\/help.opera.com\/Windows\/11.50\/es-ES\/cookies.html\">http:\/\/help.opera.com\/Windows\/11.50\/es-ES\/cookies.html<\/a><\/p>\n\n\n\n<p>Si vous souhaitez ne plus \u00eatre suivi par Google Analytics, visitez le site :<\/p>\n\n\n\n<p><a href=\"http:\/\/tools.google.com\/dlpage\/gaoptout\">http:\/\/tools.google.com\/dlpage\/gaoptout<\/a><\/p>\n\n\n\n<p><strong>En savoir plus sur les cookies<\/strong><\/p>\n\n\n\n<p>Vous pouvez obtenir plus d'informations sur la publicit\u00e9 en ligne bas\u00e9e sur le comportement et la confidentialit\u00e9 en ligne en cliquant sur l'image suivante :<\/p>\n\n\n\n<p><a href=\"http:\/\/www.youronlinechoices.com\/es\/\">http:\/\/www.youronlinechoices.com\/es\/<\/a><\/p>\n\n\n\n<p>Protection des donn\u00e9es de Google Analytics :<\/p>\n\n\n\n<p><a href=\"http:\/\/www.google.com\/analytics\/learn\/privacy.html\">http:\/\/www.google.com\/analytics\/learn\/privacy.html<\/a><\/p>\n\n\n\n<p>Comment Google Analytics utilise-t-il les cookies ?<\/p>\n\n\n\n<p><a href=\"https:\/\/developers.google.com\/analytics\/devguides\/collection\/analyticsjs\/cookie-usage?hl=es#analyticsjs\">https:\/\/developers.google.com\/analytics\/devguides\/collection\/analyticsjs\/cookie-usage?hl=es#analyticsjs<\/a><\/p>\n\n\n\n<h3 class=\"wp-block-heading\"><strong>ACTUALISATIONS ET MODIFICATIONS DE LA POLITIQUE DE CONFIDENTIALIT\u00c9\/COOKIES<\/strong><\/h3>\n\n\n\n<p>Les sites web peuvent modifier cette politique de cookies en fonction des exigences l\u00e9gislatives, r\u00e9glementaires ou dans le but d'adapter cette politique aux instructions de l'Agence espagnole de protection des donn\u00e9es, c'est pourquoi nous conseillons aux utilisateurs de la visiter p\u00e9riodiquement.<\/p>\n\n\n\n<p>Lorsque des changements significatifs sont apport\u00e9s \u00e0 cette politique en mati\u00e8re de cookies, ils sont communiqu\u00e9s aux utilisateurs par l'interm\u00e9diaire du site web ou par courrier \u00e9lectronique aux utilisateurs enregistr\u00e9s.<\/p>","protected":false},"excerpt":{"rendered":"<p>Ce site utilise des cookies de tiers et des cookies propres pour am\u00e9liorer l'exp\u00e9rience de navigation, permettre la comparaison des contenus sur les r\u00e9seaux sociaux et obtenir des statistiques sur les utilisateurs. Vous pouvez \u00e9viter la r\u00e9ception de cookies par le biais de la configuration de votre navigateur, en \u00e9vitant que les cookies ne soient stock\u00e9s dans ...<\/p>\n<p class=\"read-more\"> <a class=\"\" href=\"https:\/\/wallyscleaningservices.com\/fr\/cookies-policy\/\"> <span class=\"screen-reader-text\">Politique en mati\u00e8re de cookies<\/span> Lire la suite \"<\/a><\/p>","protected":false},"author":2,"featured_media":0,"parent":0,"menu_order":0,"comment_status":"closed","ping_status":"closed","template":"","meta":{"site-sidebar-layout":"default","site-content-layout":"default","ast-global-header-display":"","ast-banner-title-visibility":"","ast-main-header-display":"","ast-hfb-above-header-display":"","ast-hfb-below-header-display":"","ast-hfb-mobile-header-display":"","site-post-title":"","ast-breadcrumbs-content":"","ast-featured-img":"","footer-sml-layout":"","theme-transparent-header-meta":"","adv-header-id-meta":"","stick-header-meta":"","header-above-stick-meta":"","header-main-stick-meta":"","header-below-stick-meta":"","_joinchat":[],"footnotes":""},"class_list":["post-851","page","type-page","status-publish","hentry"],"yoast_head":"<!-- This site is optimized with the Yoast SEO plugin v20.8 - https:\/\/yoast.com\/wordpress\/plugins\/seo\/ -->\n<title>Cookies policy - Wallys Cleaning Services<\/title>\n<meta name=\"robots\" content=\"noindex, nofollow\" \/>\n<meta property=\"og:locale\" content=\"fr_FR\" \/>\n<meta property=\"og:type\" content=\"article\" \/>\n<meta property=\"og:title\" content=\"Cookies policy - Wallys Cleaning Services\" \/>\n<meta property=\"og:description\" content=\"En esta web se utilizan cookies de terceros y propias para conseguir que tengas una mejor experiencia de navegaci\u00f3n, puedas compartir contenido en redes sociales y para que podamos obtener estad\u00edsticas de los usuarios. Puedes evitar la descarga de cookies a trav\u00e9s de la configuraci\u00f3n de tu navegador, evitando que las cookies se almacenen en &hellip; Cookies policy Lire la suite\u00a0\u00bb\" \/>\n<meta property=\"og:url\" content=\"https:\/\/wallyscleaningservices.com\/fr\/cookies-policy\/\" \/>\n<meta property=\"og:site_name\" content=\"Wallys Cleaning Services\" \/>\n<meta property=\"article:modified_time\" content=\"2023-06-20T15:51:08+00:00\" \/>\n<meta name=\"twitter:card\" content=\"summary_large_image\" \/>\n<meta name=\"twitter:label1\" content=\"Dur\u00e9e de lecture estim\u00e9e\" \/>\n\t<meta name=\"twitter:data1\" content=\"7 minutes\" \/>\n<script type=\"application\/ld+json\" class=\"yoast-schema-graph\">{\"@context\":\"https:\/\/schema.org\",\"@graph\":[{\"@type\":\"WebPage\",\"@id\":\"https:\/\/wallyscleaningservices.com\/cookies-policy\/\",\"url\":\"https:\/\/wallyscleaningservices.com\/cookies-policy\/\",\"name\":\"Cookies policy - Wallys Cleaning Services\",\"isPartOf\":{\"@id\":\"https:\/\/wallyscleaningservices.com\/#website\"},\"datePublished\":\"2023-06-20T15:44:29+00:00\",\"dateModified\":\"2023-06-20T15:51:08+00:00\",\"breadcrumb\":{\"@id\":\"https:\/\/wallyscleaningservices.com\/cookies-policy\/#breadcrumb\"},\"inLanguage\":\"fr-FR\",\"potentialAction\":[{\"@type\":\"ReadAction\",\"target\":[\"https:\/\/wallyscleaningservices.com\/cookies-policy\/\"]}]},{\"@type\":\"BreadcrumbList\",\"@id\":\"https:\/\/wallyscleaningservices.com\/cookies-policy\/#breadcrumb\",\"itemListElement\":[{\"@type\":\"ListItem\",\"position\":1,\"name\":\"Portada\",\"item\":\"https:\/\/wallyscleaningservices.com\/\"},{\"@type\":\"ListItem\",\"position\":2,\"name\":\"Cookies policy\"}]},{\"@type\":\"WebSite\",\"@id\":\"https:\/\/wallyscleaningservices.com\/#website\",\"url\":\"https:\/\/wallyscleaningservices.com\/\",\"name\":\"Wallys Cleaning Services\",\"description\":\"For all cleaning needs and property maintenance services.\",\"publisher\":{\"@id\":\"https:\/\/wallyscleaningservices.com\/#organization\"},\"potentialAction\":[{\"@type\":\"SearchAction\",\"target\":{\"@type\":\"EntryPoint\",\"urlTemplate\":\"https:\/\/wallyscleaningservices.com\/?s={search_term_string}\"},\"query-input\":\"required name=search_term_string\"}],\"inLanguage\":\"fr-FR\"},{\"@type\":\"Organization\",\"@id\":\"https:\/\/wallyscleaningservices.com\/#organization\",\"name\":\"Wallys Cleaning Services\",\"url\":\"https:\/\/wallyscleaningservices.com\/\",\"logo\":{\"@type\":\"ImageObject\",\"inLanguage\":\"fr-FR\",\"@id\":\"https:\/\/wallyscleaningservices.com\/#\/schema\/logo\/image\/\",\"url\":\"https:\/\/wallyscleaningservices.com\/wp-content\/uploads\/2023\/06\/Diseno-sin-titulo-2023-06-08T094437.786-e1686210325949.png\",\"contentUrl\":\"https:\/\/wallyscleaningservices.com\/wp-content\/uploads\/2023\/06\/Diseno-sin-titulo-2023-06-08T094437.786-e1686210325949.png\",\"width\":186,\"height\":203,\"caption\":\"Wallys Cleaning Services\"},\"image\":{\"@id\":\"https:\/\/wallyscleaningservices.com\/#\/schema\/logo\/image\/\"}}]}<\/script>\n<!-- \/ Yoast SEO plugin. -->","yoast_head_json":{"title":"Cookies policy - Wallys Cleaning Services","robots":{"index":"noindex","follow":"nofollow"},"og_locale":"fr_FR","og_type":"article","og_title":"Cookies policy - Wallys Cleaning Services","og_description":"En esta web se utilizan cookies de terceros y propias para conseguir que tengas una mejor experiencia de navegaci\u00f3n, puedas compartir contenido en redes sociales y para que podamos obtener estad\u00edsticas de los usuarios. Puedes evitar la descarga de cookies a trav\u00e9s de la configuraci\u00f3n de tu navegador, evitando que las cookies se almacenen en &hellip; Cookies policy Lire la suite\u00a0\u00bb","og_url":"https:\/\/wallyscleaningservices.com\/fr\/cookies-policy\/","og_site_name":"Wallys Cleaning Services","article_modified_time":"2023-06-20T15:51:08+00:00","twitter_card":"summary_large_image","twitter_misc":{"Dur\u00e9e de lecture estim\u00e9e":"7 minutes"},"schema":{"@context":"https:\/\/schema.org","@graph":[{"@type":"WebPage","@id":"https:\/\/wallyscleaningservices.com\/cookies-policy\/","url":"https:\/\/wallyscleaningservices.com\/cookies-policy\/","name":"Cookies policy - Wallys Cleaning Services","isPartOf":{"@id":"https:\/\/wallyscleaningservices.com\/#website"},"datePublished":"2023-06-20T15:44:29+00:00","dateModified":"2023-06-20T15:51:08+00:00","breadcrumb":{"@id":"https:\/\/wallyscleaningservices.com\/cookies-policy\/#breadcrumb"},"inLanguage":"fr-FR","potentialAction":[{"@type":"ReadAction","target":["https:\/\/wallyscleaningservices.com\/cookies-policy\/"]}]},{"@type":"BreadcrumbList","@id":"https:\/\/wallyscleaningservices.com\/cookies-policy\/#breadcrumb","itemListElement":[{"@type":"ListItem","position":1,"name":"Portada","item":"https:\/\/wallyscleaningservices.com\/"},{"@type":"ListItem","position":2,"name":"Cookies policy"}]},{"@type":"WebSite","@id":"https:\/\/wallyscleaningservices.com\/#website","url":"https:\/\/wallyscleaningservices.com\/","name":"Wallys Cleaning Services","description":"For all cleaning needs and property maintenance services.","publisher":{"@id":"https:\/\/wallyscleaningservices.com\/#organization"},"potentialAction":[{"@type":"SearchAction","target":{"@type":"EntryPoint","urlTemplate":"https:\/\/wallyscleaningservices.com\/?s={search_term_string}"},"query-input":"required name=search_term_string"}],"inLanguage":"fr-FR"},{"@type":"Organization","@id":"https:\/\/wallyscleaningservices.com\/#organization","name":"Wallys Cleaning Services","url":"https:\/\/wallyscleaningservices.com\/","logo":{"@type":"ImageObject","inLanguage":"fr-FR","@id":"https:\/\/wallyscleaningservices.com\/#\/schema\/logo\/image\/","url":"https:\/\/wallyscleaningservices.com\/wp-content\/uploads\/2023\/06\/Diseno-sin-titulo-2023-06-08T094437.786-e1686210325949.png","contentUrl":"https:\/\/wallyscleaningservices.com\/wp-content\/uploads\/2023\/06\/Diseno-sin-titulo-2023-06-08T094437.786-e1686210325949.png","width":186,"height":203,"caption":"Wallys Cleaning Services"},"image":{"@id":"https:\/\/wallyscleaningservices.com\/#\/schema\/logo\/image\/"}}]}},"_links":{"self":[{"href":"https:\/\/wallyscleaningservices.com\/fr\/wp-json\/wp\/v2\/pages\/851","targetHints":{"allow":["GET"]}}],"collection":[{"href":"https:\/\/wallyscleaningservices.com\/fr\/wp-json\/wp\/v2\/pages"}],"about":[{"href":"https:\/\/wallyscleaningservices.com\/fr\/wp-json\/wp\/v2\/types\/page"}],"author":[{"embeddable":true,"href":"https:\/\/wallyscleaningservices.com\/fr\/wp-json\/wp\/v2\/users\/2"}],"replies":[{"embeddable":true,"href":"https:\/\/wallyscleaningservices.com\/fr\/wp-json\/wp\/v2\/comments?post=851"}],"version-history":[{"count":3,"href":"https:\/\/wallyscleaningservices.com\/fr\/wp-json\/wp\/v2\/pages\/851\/revisions"}],"predecessor-version":[{"id":861,"href":"https:\/\/wallyscleaningservices.com\/fr\/wp-json\/wp\/v2\/pages\/851\/revisions\/861"}],"wp:attachment":[{"href":"https:\/\/wallyscleaningservices.com\/fr\/wp-json\/wp\/v2\/media?parent=851"}],"curies":[{"name":"wp","href":"https:\/\/api.w.org\/{rel}","templated":true}]}}